{"id":5109,"date":"2022-06-17T17:50:34","date_gmt":"2022-06-17T17:50:34","guid":{"rendered":"https:\/\/locationmikeco.com\/?page_id=5109"},"modified":"2022-06-17T19:01:41","modified_gmt":"2022-06-17T19:01:41","slug":"les-tours-serenity","status":"publish","type":"page","link":"https:\/\/locationmikeco.com\/fr\/les-tours-serenity\/","title":{"rendered":"Les Tours Serenity"},"content":{"rendered":"\t\t<div data-elementor-type=\"wp-page\" data-elementor-id=\"5109\" class=\"elementor elementor-5109\">\n\t\t\t\t\t\t<section class=\"elementor-section elementor-top-section elementor-element elementor-element-a79b03c elementor-section-boxed elementor-section-height-default elementor-section-height-default\" data-id=\"a79b03c\" data-element_type=\"section\" data-e-type=\"section\">\n\t\t\t\t\t\t<div class=\"elementor-container elementor-column-gap-default\">\n\t\t\t\t\t<div class=\"elementor-column elementor-col-100 elementor-top-column elementor-element elementor-element-c5484f9\" data-id=\"c5484f9\" data-element_type=\"column\" data-e-type=\"column\">\n\t\t\t<div class=\"elementor-widget-wrap elementor-element-populated\">\n\t\t\t\t\t\t<div class=\"elementor-element elementor-element-79e9c0d elementor-widget elementor-widget-heading\" data-id=\"79e9c0d\" data-element_type=\"widget\" data-e-type=\"widget\" data-widget_type=\"heading.default\">\n\t\t\t\t<div class=\"elementor-widget-container\">\n\t\t\t\t\t<h2 class=\"elementor-heading-title elementor-size-default\"><br><br>NOTRE TOUT NOUVEAU CONDOTEL<\/h2>\t\t\t\t<\/div>\n\t\t\t\t<\/div>\n\t\t\t\t<div class=\"elementor-element elementor-element-4ad6978 elementor-widget elementor-widget-heading\" data-id=\"4ad6978\" data-element_type=\"widget\" data-e-type=\"widget\" data-widget_type=\"heading.default\">\n\t\t\t\t<div class=\"elementor-widget-container\">\n\t\t\t\t\t<h6 class=\"elementor-heading-title elementor-size-default\">Studios, 3 1\/2, 4 1\/2 et 5 1\/2 condos \u00e0 louer.<\/h6>\t\t\t\t<\/div>\n\t\t\t\t<\/div>\n\t\t\t\t\t<\/div>\n\t\t<\/div>\n\t\t\t\t\t<\/div>\n\t\t<\/section>\n\t\t\t\t<section class=\"elementor-section elementor-top-section elementor-element elementor-element-15181c4 elementor-section-boxed elementor-section-height-default elementor-section-height-default\" data-id=\"15181c4\" data-element_type=\"section\" data-e-type=\"section\">\n\t\t\t\t\t\t<div class=\"elementor-container elementor-column-gap-default\">\n\t\t\t\t\t<div class=\"elementor-column elementor-col-66 elementor-top-column elementor-element elementor-element-a3deb9f\" data-id=\"a3deb9f\" data-element_type=\"column\" data-e-type=\"column\">\n\t\t\t<div class=\"elementor-widget-wrap elementor-element-populated\">\n\t\t\t\t\t\t<div class=\"elementor-element elementor-element-27f4191 elementor-widget elementor-widget-text-editor\" data-id=\"27f4191\" data-element_type=\"widget\" data-e-type=\"widget\" data-widget_type=\"text-editor.default\">\n\t\t\t\t<div class=\"elementor-widget-container\">\n\t\t\t\t\t\t\t\t\t<p>Serenity Towers n&#8217;est pas seulement une structure; c&#8217;est la r\u00e9volution de style de vie globale que vous m\u00e9ritez. Tout \u00e0 Serenity Towers est con\u00e7u et ex\u00e9cut\u00e9 \u00e0 la perfection, pour vous offrir la cr\u00e8me de la cr\u00e8me de la vie \u00e0 Montr\u00e9al. Situ\u00e9 dans le magnifique quartier de Lasalle, \u00e0 10 minutes du centre-ville de Montr\u00e9al, Serenity Towers permet d&#8217;appeler facilement ce condo votre maison. Nous avons combin\u00e9 luxe, bien-\u00eatre et commodit\u00e9 car nous pensons que l&#8217;endroit o\u00f9 vous vivez est le reflet direct de qui vous \u00eates. Alors entrez dans votre grandeur; Serenity Towers vous attend.<\/p>\t\t\t\t\t\t\t\t<\/div>\n\t\t\t\t<\/div>\n\t\t\t\t<div class=\"elementor-element elementor-element-e20da58 elementor-widget elementor-widget-button\" data-id=\"e20da58\" data-element_type=\"widget\" data-e-type=\"widget\" data-widget_type=\"button.default\">\n\t\t\t\t<div class=\"elementor-widget-container\">\n\t\t\t\t\t\t\t\t\t<div class=\"elementor-button-wrapper\">\n\t\t\t\t\t<a class=\"elementor-button elementor-button-link elementor-size-sm\" href=\"https:\/\/serenitytowers.ca\/index_fr.html\" target=\"_blank\">\n\t\t\t\t\t\t<span class=\"elementor-button-content-wrapper\">\n\t\t\t\t\t\t\t\t\t<span class=\"elementor-button-text\">d\u00e9couvrir<\/span>\n\t\t\t\t\t<\/span>\n\t\t\t\t\t<\/a>\n\t\t\t\t<\/div>\n\t\t\t\t\t\t\t\t<\/div>\n\t\t\t\t<\/div>\n\t\t\t\t\t<\/div>\n\t\t<\/div>\n\t\t\t\t<div class=\"elementor-column elementor-col-33 elementor-top-column elementor-element elementor-element-0d7b197\" data-id=\"0d7b197\" data-element_type=\"column\" data-e-type=\"column\">\n\t\t\t<div class=\"elementor-widget-wrap elementor-element-populated\">\n\t\t\t\t\t\t<div class=\"elementor-element elementor-element-f9e295a elementor-widget elementor-widget-image\" data-id=\"f9e295a\" data-element_type=\"widget\" data-e-type=\"widget\" data-widget_type=\"image.default\">\n\t\t\t\t<div class=\"elementor-widget-container\">\n\t\t\t\t\t\t\t\t\t\t\t\t\t\t\t<img fetchpriority=\"high\" decoding=\"async\" width=\"500\" height=\"389\" src=\"https:\/\/locationmikeco.com\/bv654\/wp-content\/uploads\/2021\/08\/Serenity_towers.jpg\" class=\"attachment-large size-large wp-image-4635\" alt=\"\" srcset=\"https:\/\/locationmikeco.com\/bv654\/wp-content\/uploads\/2021\/08\/Serenity_towers.jpg 500w, https:\/\/locationmikeco.com\/bv654\/wp-content\/uploads\/2021\/08\/Serenity_towers-300x233.jpg 300w, https:\/\/locationmikeco.com\/bv654\/wp-content\/uploads\/2021\/08\/Serenity_towers-496x386.jpg 496w\" sizes=\"(max-width: 500px) 100vw, 500px\" \/>\t\t\t\t\t\t\t\t\t\t\t\t\t\t\t<\/div>\n\t\t\t\t<\/div>\n\t\t\t\t\t<\/div>\n\t\t<\/div>\n\t\t\t\t\t<\/div>\n\t\t<\/section>\n\t\t\t\t<section class=\"elementor-section elementor-top-section elementor-element elementor-element-ee47a44 elementor-section-boxed elementor-section-height-default elementor-section-height-default\" data-id=\"ee47a44\" data-element_type=\"section\" data-e-type=\"section\">\n\t\t\t\t\t\t<div class=\"elementor-container elementor-column-gap-default\">\n\t\t\t\t\t<div class=\"elementor-column elementor-col-100 elementor-top-column elementor-element elementor-element-76ca28d\" data-id=\"76ca28d\" data-element_type=\"column\" data-e-type=\"column\">\n\t\t\t<div class=\"elementor-widget-wrap elementor-element-populated\">\n\t\t\t\t\t\t<div class=\"elementor-element elementor-element-866ce23 elementor-widget elementor-widget-houzez_elementor_space\" data-id=\"866ce23\" data-element_type=\"widget\" data-e-type=\"widget\" data-widget_type=\"houzez_elementor_space.default\">\n\t\t\t\t<div class=\"elementor-widget-container\">\n\t\t\t\t\t        <div class=\"houzez-spacer\">\n            <div class=\"houzez-spacer-inner\"><\/div>\n        <\/div>\n        \t\t\t\t<\/div>\n\t\t\t\t<\/div>\n\t\t\t\t\t<\/div>\n\t\t<\/div>\n\t\t\t\t\t<\/div>\n\t\t<\/section>\n\t\t\t\t<\/div>\n\t\t","protected":false},"excerpt":{"rendered":"<p>NOTRE TOUT NOUVEAU CONDOTEL Studios, 3 1\/2, 4 1\/2 et 5 1\/2 condos \u00e0 louer. Serenity Towers n&#8217;est pas seulement une structure; c&#8217;est la r\u00e9volution de style de vie globale que vous m\u00e9ritez. Tout \u00e0 Serenity Towers est con\u00e7u et ex\u00e9cut\u00e9 \u00e0 la perfection, pour vous offrir la cr\u00e8me de la cr\u00e8me de la vie [&hellip;]<\/p>\n","protected":false},"author":1,"featured_media":0,"parent":0,"menu_order":0,"comment_status":"closed","ping_status":"closed","template":"elementor_header_footer","meta":{"footnotes":""},"class_list":["post-5109","page","type-page","status-publish","hentry"],"_links":{"self":[{"href":"https:\/\/locationmikeco.com\/fr\/wp-json\/wp\/v2\/pages\/5109","targetHints":{"allow":["GET"]}}],"collection":[{"href":"https:\/\/locationmikeco.com\/fr\/wp-json\/wp\/v2\/pages"}],"about":[{"href":"https:\/\/locationmikeco.com\/fr\/wp-json\/wp\/v2\/types\/page"}],"author":[{"embeddable":true,"href":"https:\/\/locationmikeco.com\/fr\/wp-json\/wp\/v2\/users\/1"}],"replies":[{"embeddable":true,"href":"https:\/\/locationmikeco.com\/fr\/wp-json\/wp\/v2\/comments?post=5109"}],"version-history":[{"count":9,"href":"https:\/\/locationmikeco.com\/fr\/wp-json\/wp\/v2\/pages\/5109\/revisions"}],"predecessor-version":[{"id":5124,"href":"https:\/\/locationmikeco.com\/fr\/wp-json\/wp\/v2\/pages\/5109\/revisions\/5124"}],"wp:attachment":[{"href":"https:\/\/locationmikeco.com\/fr\/wp-json\/wp\/v2\/media?parent=5109"}],"curies":[{"name":"wp","href":"https:\/\/api.w.org\/{rel}","templated":true}]}}