{"id":4367,"date":"2021-08-12T21:04:52","date_gmt":"2021-08-12T21:04:52","guid":{"rendered":"https:\/\/mmelattilocation.com\/bv654\/?page_id=4367"},"modified":"2021-08-12T21:08:47","modified_gmt":"2021-08-12T21:08:47","slug":"proprietees-residentielles","status":"publish","type":"page","link":"https:\/\/locationmikeco.com\/fr\/nos-proprietes\/proprietees-residentielles\/","title":{"rendered":"Propri\u00e9t\u00e9es r\u00e9sidentielles"},"content":{"rendered":"","protected":false},"excerpt":{"rendered":"","protected":false},"author":1,"featured_media":0,"parent":4372,"menu_order":0,"comment_status":"closed","ping_status":"closed","template":"template\/template-listing-grid-v1.php","meta":{"footnotes":""},"class_list":["post-4367","page","type-page","status-publish","hentry"],"_links":{"self":[{"href":"https:\/\/locationmikeco.com\/fr\/wp-json\/wp\/v2\/pages\/4367","targetHints":{"allow":["GET"]}}],"collection":[{"href":"https:\/\/locationmikeco.com\/fr\/wp-json\/wp\/v2\/pages"}],"about":[{"href":"https:\/\/locationmikeco.com\/fr\/wp-json\/wp\/v2\/types\/page"}],"author":[{"embeddable":true,"href":"https:\/\/locationmikeco.com\/fr\/wp-json\/wp\/v2\/users\/1"}],"replies":[{"embeddable":true,"href":"https:\/\/locationmikeco.com\/fr\/wp-json\/wp\/v2\/comments?post=4367"}],"version-history":[{"count":0,"href":"https:\/\/locationmikeco.com\/fr\/wp-json\/wp\/v2\/pages\/4367\/revisions"}],"up":[{"embeddable":true,"href":"https:\/\/locationmikeco.com\/fr\/wp-json\/wp\/v2\/pages\/4372"}],"wp:attachment":[{"href":"https:\/\/locationmikeco.com\/fr\/wp-json\/wp\/v2\/media?parent=4367"}],"curies":[{"name":"wp","href":"https:\/\/api.w.org\/{rel}","templated":true}]}}